{"id":70,"date":"2017-09-04T12:40:16","date_gmt":"2017-09-04T10:40:16","guid":{"rendered":"https:\/\/pomocdrogowa-dasauto.pl\/oferta\/?page_id=70"},"modified":"2025-07-15T13:03:57","modified_gmt":"2025-07-15T11:03:57","slug":"oferta","status":"publish","type":"page","link":"https:\/\/pomocdrogowa-dasauto.pl\/oferta\/","title":{"rendered":"Oferta"},"content":{"rendered":"<section class=\"l-section wpb_row height_small color_alternate\"><div class=\"l-section-h i-cf\"><div class=\"g-cols vc_row via_flex valign_top type_default stacking_default\"><div class=\"vc_col-sm-12 wpb_column vc_column_container has_text_color\"><div class=\"vc_column-inner us_custom_6df4bc3a\"><div class=\"wpb_wrapper\"><div class=\"wpb_text_column\"><div class=\"wpb_wrapper\"><h1>Pomoc drogowa oferta<\/h1>\n<\/div><\/div><\/div><\/div><\/div><\/div><\/div><\/section><section class=\"l-section wpb_row height_medium\"><div class=\"l-section-h i-cf\"><div class=\"g-cols vc_row via_flex valign_top type_default stacking_default\"><div class=\"vc_col-sm-12 wpb_column vc_column_container\"><div class=\"vc_column-inner\"><div class=\"wpb_wrapper\"><div class=\"w-grid type_grid layout_2115 cols_3 pagination_regular overflow_hidden\" id=\"us_grid_1\" style=\"--columns:3;--gap:1rem;\" data-filterable=\"true\"><style>@media (max-width:1024px){#us_grid_1{--columns:2!important}}@media (max-width:600px){#us_grid_1{--columns:1!important}}.layout_2115 .w-grid-item-h{background:var(--color-content-bg);color:var(--color-content-text);border-radius:1rem;box-shadow:0 0.1rem 0.2rem rgba(0,0,0,0.1),0 0.33rem 1rem rgba(0,0,0,0.1);transition-duration:0.3s}.no-touch .layout_2115 .w-grid-item-h:hover{box-shadow:0 0.15rem 0.3rem rgba(0,0,0,0.1),0 0.5rem 1.5rem rgba(0,0,0,0.15);z-index:4}.layout_2115 .usg_post_image_1{border-bottom-width:1px!important;border-color:#ddd!important;border-bottom-style:solid!important}.layout_2115 .usg_post_title_1{font-size:1.2rem!important;padding:1.5rem 2rem 1.5rem 2rem!important}@media (min-width:1025px) and (max-width:1380px){.layout_2115 .usg_post_title_1{padding:1rem 1.5rem 1rem 1.5rem!important}}@media (min-width:601px) and (max-width:1024px){.layout_2115 .usg_post_title_1{padding:1rem!important}}@media (max-width:600px){.layout_2115 .usg_post_title_1{padding:1rem .5rem 1rem .5rem!important}}<\/style><div class=\"w-grid-list\">\t<article class=\"w-grid-item size_1x1 post-3520 post type-post status-publish format-standard has-post-thumbnail hentry category-news\" data-id=\"3520\">\r\n\t\t<div class=\"w-grid-item-h\">\r\n\t\t\t\t\t\t<div class=\"w-vwrapper usg_vwrapper_1 align_left valign_top\" style=\"--vwrapper-gap:0px\"><div class=\"w-post-elm post_image usg_post_image_1 has_ratio\"><a href=\"https:\/\/pomocdrogowa-dasauto.pl\/oferta\/awaryjne-otwieranie-samochodu\/\" aria-label=\"Awaryjne otwieranie samochodu\"><img loading=\"lazy\" decoding=\"async\" width=\"600\" height=\"400\" src=\"https:\/\/pomocdrogowa-dasauto.pl\/oferta\/wp-content\/uploads\/2025\/07\/klucz-awaryjne-otwieranie-samochodu-600x400.jpg\" class=\"attachment-us_600_400_crop size-us_600_400_crop wp-post-image\" alt=\"Osoba trzymaj\u0105ca kluczyki wykonuj\u0105ca awaryjne otwieranie samochodu.\" \/><\/a><div style=\"padding-bottom:66.6667%\"><\/div><\/div><h2 class=\"w-post-elm post_title usg_post_title_1 align_left entry-title color_link_inherit\"><a href=\"https:\/\/pomocdrogowa-dasauto.pl\/oferta\/awaryjne-otwieranie-samochodu\/\">Awaryjne otwieranie samochodu<\/a><\/h2><\/div>\t\t<\/div>\r\n\t\t\t<\/article>\r\n\t<article class=\"w-grid-item size_1x1 post-3516 post type-post status-publish format-standard has-post-thumbnail hentry category-news\" data-id=\"3516\">\r\n\t\t<div class=\"w-grid-item-h\">\r\n\t\t\t\t\t\t<div class=\"w-vwrapper usg_vwrapper_1 align_left valign_top\" style=\"--vwrapper-gap:0px\"><div class=\"w-post-elm post_image usg_post_image_1 has_ratio\"><a href=\"https:\/\/pomocdrogowa-dasauto.pl\/oferta\/awaryjne-uruchamianie-samochodu\/\" aria-label=\"Awaryjne uruchamianie samochodu\"><img loading=\"lazy\" decoding=\"async\" width=\"600\" height=\"400\" src=\"https:\/\/pomocdrogowa-dasauto.pl\/oferta\/wp-content\/uploads\/2025\/07\/pomoc-awaryjne-uruchamianie-samochodu-600x400.jpg\" class=\"attachment-us_600_400_crop size-us_600_400_crop wp-post-image\" alt=\"Osoba przekr\u0119ca kluczyk w stacyjce, wykonuj\u0105c awaryjne uruchamianie samochodu.\" \/><\/a><div style=\"padding-bottom:66.6667%\"><\/div><\/div><h2 class=\"w-post-elm post_title usg_post_title_1 align_left entry-title color_link_inherit\"><a href=\"https:\/\/pomocdrogowa-dasauto.pl\/oferta\/awaryjne-uruchamianie-samochodu\/\">Awaryjne uruchamianie samochodu<\/a><\/h2><\/div>\t\t<\/div>\r\n\t\t\t<\/article>\r\n\t<article class=\"w-grid-item size_1x1 post-3510 post type-post status-publish format-standard has-post-thumbnail hentry category-news\" data-id=\"3510\">\r\n\t\t<div class=\"w-grid-item-h\">\r\n\t\t\t\t\t\t<div class=\"w-vwrapper usg_vwrapper_1 align_left valign_top\" style=\"--vwrapper-gap:0px\"><div class=\"w-post-elm post_image usg_post_image_1 has_ratio\"><a href=\"https:\/\/pomocdrogowa-dasauto.pl\/oferta\/transport-samochodow\/\" aria-label=\"Transport samochod\u00f3w\"><img loading=\"lazy\" decoding=\"async\" width=\"600\" height=\"400\" src=\"https:\/\/pomocdrogowa-dasauto.pl\/oferta\/wp-content\/uploads\/2025\/07\/autosafe-transport-samochodow-600x400.jpg\" class=\"attachment-us_600_400_crop size-us_600_400_crop wp-post-image\" alt=\"Pojazd zamocowany na platformie do transportu samochod\u00f3w.\" \/><\/a><div style=\"padding-bottom:66.6667%\"><\/div><\/div><h2 class=\"w-post-elm post_title usg_post_title_1 align_left entry-title color_link_inherit\"><a href=\"https:\/\/pomocdrogowa-dasauto.pl\/oferta\/transport-samochodow\/\">Transport samochod\u00f3w<\/a><\/h2><\/div>\t\t<\/div>\r\n\t\t\t<\/article>\r\n\t<article class=\"w-grid-item size_1x1 post-3507 post type-post status-publish format-standard has-post-thumbnail hentry category-news\" data-id=\"3507\">\r\n\t\t<div class=\"w-grid-item-h\">\r\n\t\t\t\t\t\t<div class=\"w-vwrapper usg_vwrapper_1 align_left valign_top\" style=\"--vwrapper-gap:0px\"><div class=\"w-post-elm post_image usg_post_image_1 has_ratio\"><a href=\"https:\/\/pomocdrogowa-dasauto.pl\/oferta\/autolaweta\/\" aria-label=\"Autolaweta\"><img loading=\"lazy\" decoding=\"async\" width=\"600\" height=\"400\" src=\"https:\/\/pomocdrogowa-dasauto.pl\/oferta\/wp-content\/uploads\/2025\/07\/laweta-autolaweta-droga-600x400.jpg\" class=\"attachment-us_600_400_crop size-us_600_400_crop wp-post-image\" alt=\"Autolaweta przewozi samoch\u00f3d na autostradzie.\" \/><\/a><div style=\"padding-bottom:66.6667%\"><\/div><\/div><h2 class=\"w-post-elm post_title usg_post_title_1 align_left entry-title color_link_inherit\"><a href=\"https:\/\/pomocdrogowa-dasauto.pl\/oferta\/autolaweta\/\">Autolaweta<\/a><\/h2><\/div>\t\t<\/div>\r\n\t\t\t<\/article>\r\n\t<article class=\"w-grid-item size_1x1 post-3503 post type-post status-publish format-standard has-post-thumbnail hentry category-news\" data-id=\"3503\">\r\n\t\t<div class=\"w-grid-item-h\">\r\n\t\t\t\t\t\t<div class=\"w-vwrapper usg_vwrapper_1 align_left valign_top\" style=\"--vwrapper-gap:0px\"><div class=\"w-post-elm post_image usg_post_image_1 has_ratio\"><a href=\"https:\/\/pomocdrogowa-dasauto.pl\/oferta\/laweta\/\" aria-label=\"Laweta\"><img loading=\"lazy\" decoding=\"async\" width=\"600\" height=\"400\" src=\"https:\/\/pomocdrogowa-dasauto.pl\/oferta\/wp-content\/uploads\/2025\/07\/autostrada-laweta-zachod-600x400.jpg\" class=\"attachment-us_600_400_crop size-us_600_400_crop wp-post-image\" alt=\"Laweta przewozi uszkodzony samoch\u00f3d na autostradzie.\" \/><\/a><div style=\"padding-bottom:66.6667%\"><\/div><\/div><h2 class=\"w-post-elm post_title usg_post_title_1 align_left entry-title color_link_inherit\"><a href=\"https:\/\/pomocdrogowa-dasauto.pl\/oferta\/laweta\/\">Laweta<\/a><\/h2><\/div>\t\t<\/div>\r\n\t\t\t<\/article>\r\n\t<article class=\"w-grid-item size_1x1 post-3494 post type-post status-publish format-standard has-post-thumbnail hentry category-news\" data-id=\"3494\">\r\n\t\t<div class=\"w-grid-item-h\">\r\n\t\t\t\t\t\t<div class=\"w-vwrapper usg_vwrapper_1 align_left valign_top\" style=\"--vwrapper-gap:0px\"><div class=\"w-post-elm post_image usg_post_image_1 has_ratio\"><a href=\"https:\/\/pomocdrogowa-dasauto.pl\/oferta\/holowanie-auta\/\" aria-label=\"Holowanie auta\"><img loading=\"lazy\" decoding=\"async\" width=\"600\" height=\"400\" src=\"https:\/\/pomocdrogowa-dasauto.pl\/oferta\/wp-content\/uploads\/2025\/07\/pomoc-holowanie-auta-600x400.jpg\" class=\"attachment-us_600_400_crop size-us_600_400_crop wp-post-image\" alt=\"Czerwony holownik wykonuje holowanie auta na ulicy.\" \/><\/a><div style=\"padding-bottom:66.6667%\"><\/div><\/div><h2 class=\"w-post-elm post_title usg_post_title_1 align_left entry-title color_link_inherit\"><a href=\"https:\/\/pomocdrogowa-dasauto.pl\/oferta\/holowanie-auta\/\">Holowanie auta<\/a><\/h2><\/div>\t\t<\/div>\r\n\t\t\t<\/article>\r\n\t<article class=\"w-grid-item size_1x1 post-3488 post type-post status-publish format-standard has-post-thumbnail hentry category-news\" data-id=\"3488\">\r\n\t\t<div class=\"w-grid-item-h\">\r\n\t\t\t\t\t\t<div class=\"w-vwrapper usg_vwrapper_1 align_left valign_top\" style=\"--vwrapper-gap:0px\"><div class=\"w-post-elm post_image usg_post_image_1 has_ratio\"><a href=\"https:\/\/pomocdrogowa-dasauto.pl\/oferta\/pomoc-drogowa-24h\/\" aria-label=\"Pomoc drogowa 24h\"><img loading=\"lazy\" decoding=\"async\" width=\"600\" height=\"400\" src=\"https:\/\/pomocdrogowa-dasauto.pl\/oferta\/wp-content\/uploads\/2025\/07\/laweta-pomoc-drogowa-24h-600x400.jpg\" class=\"attachment-us_600_400_crop size-us_600_400_crop wp-post-image\" alt=\"Bia\u0142y pojazd z napisem &quot;pomoc drogowa 24h&quot; widoczny w nocy.\" \/><\/a><div style=\"padding-bottom:66.6667%\"><\/div><\/div><h2 class=\"w-post-elm post_title usg_post_title_1 align_left entry-title color_link_inherit\"><a href=\"https:\/\/pomocdrogowa-dasauto.pl\/oferta\/pomoc-drogowa-24h\/\">Pomoc drogowa 24h<\/a><\/h2><\/div>\t\t<\/div>\r\n\t\t\t<\/article>\r\n<\/div><div class=\"w-grid-preloader\">\t<div class=\"g-preloader type_1\">\r\n\t\t<div><\/div>\r\n\t<\/div>\r\n\t<\/div>\t<div class=\"w-grid-json hidden\" onclick='return {&quot;action&quot;:&quot;us_ajax_grid&quot;,&quot;infinite_scroll&quot;:0,&quot;max_num_pages&quot;:1,&quot;pagination&quot;:&quot;regular&quot;,&quot;template_vars&quot;:{&quot;columns&quot;:&quot;3&quot;,&quot;exclude_items&quot;:&quot;none&quot;,&quot;img_size&quot;:&quot;default&quot;,&quot;ignore_items_size&quot;:0,&quot;items_layout&quot;:&quot;2115&quot;,&quot;items_offset&quot;:&quot;1&quot;,&quot;load_animation&quot;:&quot;none&quot;,&quot;overriding_link&quot;:&quot;%7B%22url%22%3A%22%22%7D&quot;,&quot;post_id&quot;:0,&quot;query_args&quot;:{&quot;post_type&quot;:[&quot;post&quot;],&quot;tax_query&quot;:[{&quot;taxonomy&quot;:&quot;category&quot;,&quot;field&quot;:&quot;slug&quot;,&quot;terms&quot;:[&quot;news&quot;]}],&quot;post_status&quot;:[&quot;publish&quot;,&quot;acf-disabled&quot;],&quot;posts_per_page&quot;:&quot;999&quot;},&quot;orderby_query_args&quot;:{&quot;orderby&quot;:{&quot;date&quot;:&quot;DESC&quot;}},&quot;type&quot;:&quot;grid&quot;,&quot;us_grid_post_type&quot;:&quot;post&quot;,&quot;us_grid_ajax_index&quot;:1,&quot;us_grid_filter_query_string&quot;:null,&quot;us_grid_index&quot;:1,&quot;page_args&quot;:[]}}'><\/div>\r\n\t<\/div><\/div><\/div><\/div><\/div><\/div><\/section>\n","protected":false},"excerpt":{"rendered":"Czy pomoc drogowa 24h to idealne rozwi\u0105zanie w nag\u0142ych wypadkach? Pomoc drogowa 24h to niezast\u0105piona us\u0142uga, kt\u00f3rej potrzebujemy w najmniej oczekiwanych momentach. Wyobra\u017a sobie sytuacj\u0119, gdy wracasz p\u00f3\u017anym wieczorem z pracy lub z rodzinnej wycieczki, a Tw\u00f3j pojazd nagle odmawia pos\u0142usze\u0144stwa. Pomoc drogowa 24h oferuje b\u0142yskawiczne wsparcie, kiedy Ty i Twoi bliscy tego najbardziej potrzebujecie....","protected":false},"author":1,"featured_media":0,"parent":0,"menu_order":0,"comment_status":"closed","ping_status":"closed","template":"","meta":{"footnotes":""},"class_list":["post-70","page","type-page","status-publish","hentry"],"yoast_head":"<!-- This site is optimized with the Yoast SEO plugin v27.3 - https:\/\/yoast.com\/product\/yoast-seo-wordpress\/ -->\n<title>Pomoc Drogowa - Oferta<\/title>\n<meta name=\"robots\" content=\"index, follow, max-snippet:-1, max-image-preview:large, max-video-preview:-1\" \/>\n<link rel=\"canonical\" href=\"https:\/\/pomocdrogowa-dasauto.pl\/oferta\/\" \/>\n<meta name=\"twitter:label1\" content=\"Szacowany czas czytania\" \/>\n\t<meta name=\"twitter:data1\" content=\"1 minuta\" \/>\n<script type=\"application\/ld+json\" class=\"yoast-schema-graph\">{\"@context\":\"https:\\\/\\\/schema.org\",\"@graph\":[{\"@type\":\"WebPage\",\"@id\":\"https:\\\/\\\/pomocdrogowa-dasauto.pl\\\/oferta\\\/\",\"url\":\"https:\\\/\\\/pomocdrogowa-dasauto.pl\\\/oferta\\\/\",\"name\":\"Pomoc Drogowa - Oferta\",\"isPartOf\":{\"@id\":\"https:\\\/\\\/pomocdrogowa-dasauto.pl\\\/oferta\\\/#website\"},\"datePublished\":\"2017-09-04T10:40:16+00:00\",\"dateModified\":\"2025-07-15T11:03:57+00:00\",\"breadcrumb\":{\"@id\":\"https:\\\/\\\/pomocdrogowa-dasauto.pl\\\/oferta\\\/#breadcrumb\"},\"inLanguage\":\"pl-PL\",\"potentialAction\":[{\"@type\":\"ReadAction\",\"target\":[\"https:\\\/\\\/pomocdrogowa-dasauto.pl\\\/oferta\\\/\"]}]},{\"@type\":\"BreadcrumbList\",\"@id\":\"https:\\\/\\\/pomocdrogowa-dasauto.pl\\\/oferta\\\/#breadcrumb\",\"itemListElement\":[{\"@type\":\"ListItem\",\"position\":1,\"name\":\"Strona g\u0142\u00f3wna\",\"item\":\"https:\\\/\\\/pomocdrogowa-dasauto.pl\\\/oferta\\\/\"},{\"@type\":\"ListItem\",\"position\":2,\"name\":\"Oferta\"}]},{\"@type\":\"WebSite\",\"@id\":\"https:\\\/\\\/pomocdrogowa-dasauto.pl\\\/oferta\\\/#website\",\"url\":\"https:\\\/\\\/pomocdrogowa-dasauto.pl\\\/oferta\\\/\",\"name\":\"Pomoc Drogowa - Oferta\",\"description\":\"\",\"potentialAction\":[{\"@type\":\"SearchAction\",\"target\":{\"@type\":\"EntryPoint\",\"urlTemplate\":\"https:\\\/\\\/pomocdrogowa-dasauto.pl\\\/oferta\\\/?s={search_term_string}\"},\"query-input\":{\"@type\":\"PropertyValueSpecification\",\"valueRequired\":true,\"valueName\":\"search_term_string\"}}],\"inLanguage\":\"pl-PL\"}]}<\/script>\n<!-- \/ Yoast SEO plugin. -->","yoast_head_json":{"title":"Pomoc Drogowa - Oferta","robots":{"index":"index","follow":"follow","max-snippet":"max-snippet:-1","max-image-preview":"max-image-preview:large","max-video-preview":"max-video-preview:-1"},"canonical":"https:\/\/pomocdrogowa-dasauto.pl\/oferta\/","twitter_misc":{"Szacowany czas czytania":"1 minuta"},"schema":{"@context":"https:\/\/schema.org","@graph":[{"@type":"WebPage","@id":"https:\/\/pomocdrogowa-dasauto.pl\/oferta\/","url":"https:\/\/pomocdrogowa-dasauto.pl\/oferta\/","name":"Pomoc Drogowa - Oferta","isPartOf":{"@id":"https:\/\/pomocdrogowa-dasauto.pl\/oferta\/#website"},"datePublished":"2017-09-04T10:40:16+00:00","dateModified":"2025-07-15T11:03:57+00:00","breadcrumb":{"@id":"https:\/\/pomocdrogowa-dasauto.pl\/oferta\/#breadcrumb"},"inLanguage":"pl-PL","potentialAction":[{"@type":"ReadAction","target":["https:\/\/pomocdrogowa-dasauto.pl\/oferta\/"]}]},{"@type":"BreadcrumbList","@id":"https:\/\/pomocdrogowa-dasauto.pl\/oferta\/#breadcrumb","itemListElement":[{"@type":"ListItem","position":1,"name":"Strona g\u0142\u00f3wna","item":"https:\/\/pomocdrogowa-dasauto.pl\/oferta\/"},{"@type":"ListItem","position":2,"name":"Oferta"}]},{"@type":"WebSite","@id":"https:\/\/pomocdrogowa-dasauto.pl\/oferta\/#website","url":"https:\/\/pomocdrogowa-dasauto.pl\/oferta\/","name":"Pomoc Drogowa - Oferta","description":"","potentialAction":[{"@type":"SearchAction","target":{"@type":"EntryPoint","urlTemplate":"https:\/\/pomocdrogowa-dasauto.pl\/oferta\/?s={search_term_string}"},"query-input":{"@type":"PropertyValueSpecification","valueRequired":true,"valueName":"search_term_string"}}],"inLanguage":"pl-PL"}]}},"_links":{"self":[{"href":"https:\/\/pomocdrogowa-dasauto.pl\/oferta\/wp-json\/wp\/v2\/pages\/70","targetHints":{"allow":["GET"]}}],"collection":[{"href":"https:\/\/pomocdrogowa-dasauto.pl\/oferta\/wp-json\/wp\/v2\/pages"}],"about":[{"href":"https:\/\/pomocdrogowa-dasauto.pl\/oferta\/wp-json\/wp\/v2\/types\/page"}],"author":[{"embeddable":true,"href":"https:\/\/pomocdrogowa-dasauto.pl\/oferta\/wp-json\/wp\/v2\/users\/1"}],"replies":[{"embeddable":true,"href":"https:\/\/pomocdrogowa-dasauto.pl\/oferta\/wp-json\/wp\/v2\/comments?post=70"}],"version-history":[{"count":64,"href":"https:\/\/pomocdrogowa-dasauto.pl\/oferta\/wp-json\/wp\/v2\/pages\/70\/revisions"}],"predecessor-version":[{"id":3528,"href":"https:\/\/pomocdrogowa-dasauto.pl\/oferta\/wp-json\/wp\/v2\/pages\/70\/revisions\/3528"}],"wp:attachment":[{"href":"https:\/\/pomocdrogowa-dasauto.pl\/oferta\/wp-json\/wp\/v2\/media?parent=70"}],"curies":[{"name":"wp","href":"https:\/\/api.w.org\/{rel}","templated":true}]}}